{"id":11,"date":"2021-02-28T14:28:46","date_gmt":"2021-02-28T13:28:46","guid":{"rendered":"http:\/\/delagrainealassiette.be\/?page_id=11"},"modified":"2022-03-13T15:53:52","modified_gmt":"2022-03-13T14:53:52","slug":"about","status":"publish","type":"page","link":"https:\/\/delagrainealassiette.be\/?page_id=11","title":{"rendered":"Au sujet de l&rsquo;appel \u00e0 projet"},"content":{"rendered":"\n<h4 class=\"wp-block-heading\"><strong>Titre du projet<\/strong> :<\/h4>\n\n\n\n<p class=\"wp-block-paragraph\">&nbsp;&nbsp;\u00ab&nbsp;De la graine \u00e0 l\u2019assiette&nbsp;\u00bb<\/p>\n\n\n\n<h4 class=\"wp-block-heading\"><strong>Porteur de projet:<\/strong><\/h4>\n\n\n\n<p class=\"wp-block-paragraph\">L\u2019ASBL A La Main Verte a \u00e9t\u00e9 fond\u00e9e notamment, par Philippe et Christine, dans le but d\u2019organiser des \u00e9v\u00e8nements&nbsp;: march\u00e9s du terroir, formations diverses, accueil de stagiaires\u2026.&nbsp; &nbsp; C\u2019est ainsi qu\u2019elle a introduit l\u2019appel \u00e0 projet r\u00e9unissant 5 partenaires. Dans ce m\u00eame cadre, Philippe et Christine vont construire, sur fonds propres, un chalet ainsi qu\u2019 un tunnel pour organiser des formations et de la restauration.<\/p>\n\n\n\n<p class=\"wp-block-paragraph\"><strong>Num\u00e9ro d\u2019entreprise ou de TVA<\/strong> :&nbsp;<\/p>\n\n\n\n<p class=\"wp-block-paragraph\">0671.721.139<\/p>\n\n\n\n<h4 class=\"wp-block-heading\">1<sup>er<\/sup> partenaire&nbsp;: A La Main Verte SRL<\/h4>\n\n\n\n<p class=\"wp-block-paragraph\">Dans le cadre de leur activit\u00e9 professionnelle, Philippe et Christine cultivent en Permaculture, avec un grand P, sur un terrain de 50 ares. Respect du vivant, initiatives, partage, r\u00e9seau, exp\u00e9riences, circuit-court \u2026sont leurs maitres mots.<\/p>\n\n\n\n<h4 class=\"wp-block-heading\">2<sup>\u00e8me<\/sup> partenaire&nbsp;: Le Pr\u00e9 Don.<\/h4>\n\n\n\n<p class=\"wp-block-paragraph\">Anne et Pascal, sur une surface de 2 ha, construisent un projet permacole r\u00e9silient duplicable au service de la population, et de la nature bien entendu.<\/p>\n\n\n\n<h4 class=\"wp-block-heading\">3<sup>\u00e8me<\/sup> partenaire&nbsp;: Toscana in Bocca.<\/h4>\n\n\n\n<p class=\"wp-block-paragraph\">Manu, traiteur proposant des plats \u00e0 base de produits locaux, ainsi que des charcuteries italiennes familiales.<\/p>\n\n\n\n<h4 class=\"wp-block-heading\">4<sup>\u00e8me<\/sup> partenaire&nbsp;: Les D\u00e9lices de Claire.<\/h4>\n\n\n\n<p class=\"wp-block-paragraph\">Claire, traiteur, proposant \u00e9galement des plats \u00e0 base de produits locaux. Elle est \u00e0 l\u2019initiative d\u2019\u00e9v\u00e8nements culinaires \u00e9ph\u00e9m\u00e8res.<\/p>\n\n\n\n<h4 class=\"wp-block-heading\">5<sup>\u00e8me<\/sup> partenaire&nbsp;: VersO Holistic SRL.<\/h4>\n\n\n\n<p class=\"wp-block-paragraph\">Manu, Vinciane et Emmanuel, ont fond\u00e9 une soci\u00e9t\u00e9 dans le but d\u2019organiser&nbsp; des activit\u00e9s de sensibilisation \u00e0 la nature, ainsi que des activit\u00e9s concernant l\u2019alimentation vivante, inspir\u00e9es de la Cuisine Holistique, cr\u00e9\u00e9e par Emmanuel.&nbsp;&nbsp;<\/p>\n\n\n\n<p class=\"has-drop-cap wp-block-paragraph\">La richesse de ce projet repose sur le fait que ces 5 entit\u00e9s vont travailler ensemble, et non individuellement. En effet, chaque activit\u00e9 va \u00eatre organis\u00e9e \u00ab&nbsp;de la graine \u00e0 l\u2019assiette&nbsp;\u00bb et donc, chaque partenaire y participera \u00e0 sa mani\u00e8re pour mener \u00e0 bien ce projet. Pour se faire, nous allons nous baser sur des notions qui nous sont essentielles.&nbsp; &nbsp;<\/p>\n","protected":false},"excerpt":{"rendered":"<p>Titre du projet : &nbsp;&nbsp;\u00ab&nbsp;De la graine \u00e0 l\u2019assiette&nbsp;\u00bb Porteur de projet: L\u2019ASBL A La Main Verte a \u00e9t\u00e9 fond\u00e9e notamment, par Philippe et Christine, dans le but d\u2019organiser des &hellip; <\/p>\n<p class=\"link-more\"><a href=\"https:\/\/delagrainealassiette.be\/?page_id=11\" class=\"more-link\">Continuer la lecture<span class=\"screen-reader-text\"> de &laquo;&nbsp;Au sujet de l&rsquo;appel \u00e0 projet&nbsp;&raquo;<\/span><\/a><\/p>\n","protected":false},"author":1,"featured_media":0,"parent":0,"menu_order":0,"comment_status":"closed","ping_status":"closed","template":"","meta":{"_crdt_document":"","_price":"","_stock":"","_tribe_ticket_header":"","_tribe_default_ticket_provider":"","_tribe_ticket_capacity":"0","_ticket_start_date":"","_ticket_end_date":"","_tribe_ticket_show_description":"","_tribe_ticket_show_not_going":false,"_tribe_ticket_use_global_stock":"","_tribe_ticket_global_stock_level":"","_global_stock_mode":"","_global_stock_cap":"","_tribe_rsvp_for_event":"","_tribe_ticket_going_count":"","_tribe_ticket_not_going_count":"","_tribe_tickets_list":"[]","_tribe_ticket_has_attendee_info_fields":false,"footnotes":"","_tec_slr_enabled":"","_tec_slr_layout":""},"class_list":["post-11","page","type-page","status-publish","hentry"],"jetpack_sharing_enabled":true,"ticketed":false,"_links":{"self":[{"href":"https:\/\/delagrainealassiette.be\/index.php?rest_route=\/wp\/v2\/pages\/11","targetHints":{"allow":["GET"]}}],"collection":[{"href":"https:\/\/delagrainealassiette.be\/index.php?rest_route=\/wp\/v2\/pages"}],"about":[{"href":"https:\/\/delagrainealassiette.be\/index.php?rest_route=\/wp\/v2\/types\/page"}],"author":[{"embeddable":true,"href":"https:\/\/delagrainealassiette.be\/index.php?rest_route=\/wp\/v2\/users\/1"}],"replies":[{"embeddable":true,"href":"https:\/\/delagrainealassiette.be\/index.php?rest_route=%2Fwp%2Fv2%2Fcomments&post=11"}],"version-history":[{"count":7,"href":"https:\/\/delagrainealassiette.be\/index.php?rest_route=\/wp\/v2\/pages\/11\/revisions"}],"predecessor-version":[{"id":186,"href":"https:\/\/delagrainealassiette.be\/index.php?rest_route=\/wp\/v2\/pages\/11\/revisions\/186"}],"wp:attachment":[{"href":"https:\/\/delagrainealassiette.be\/index.php?rest_route=%2Fwp%2Fv2%2Fmedia&parent=11"}],"curies":[{"name":"wp","href":"https:\/\/api.w.org\/{rel}","templated":true}]}}