{"id":154,"date":"2022-03-13T15:16:31","date_gmt":"2022-03-13T14:16:31","guid":{"rendered":"http:\/\/delagrainealassiette.be\/?page_id=154"},"modified":"2022-03-13T15:35:07","modified_gmt":"2022-03-13T14:35:07","slug":"renseignements-administratifs","status":"publish","type":"page","link":"https:\/\/delagrainealassiette.be\/?page_id=154","title":{"rendered":"Renseignements administratifs"},"content":{"rendered":"\n<h2 class=\"wp-block-heading\"><strong>P\u00e9riode durant laquelle le projet devrait se d\u00e9rouler<\/strong> : <\/h2>\n\n\n\n<p class=\"wp-block-paragraph\">du 01\/05\/2021 au 30\/04\/2024<\/p>\n\n\n\n<h2 class=\"wp-block-heading\"><strong>Adresse&nbsp;de l\u2019organisme porteur du projet <\/strong>:<\/h2>\n\n\n\n<p class=\"wp-block-paragraph\">Les Colais 30 \u00e0 6800 OURT (LIBRAMONT-CHEVIGNY)<\/p>\n\n\n\n<h2 class=\"wp-block-heading\"><strong>Nom de la personne de contact<\/strong> :<\/h2>\n\n\n\n<p class=\"wp-block-paragraph\">ADAM Christine<\/p>\n\n\n\n<ul class=\"wp-block-list\"><li><strong><em>T\u00e9l\u00a0<\/em><\/strong>: 061\/223132 et 0479\/685005<\/li><li><strong><em>Mail<\/em><\/strong>\u00a0: <a href=\"mailto:alamainverte@skynet.be\">alamainverte@skynet.be<\/a><\/li><\/ul>\n\n\n\n<h2 class=\"wp-block-heading\"><strong>Nom du d\u00e9l\u00e9gu\u00e9 \u00e0 la gestion journali\u00e8re ou responsable d\u00fbment habilit\u00e9 \u00e0 signer les accords financiers<\/strong>&nbsp;:<\/h2>\n\n\n\n<p class=\"wp-block-paragraph\">PONCIN Philippe<\/p>\n\n\n\n<ul class=\"wp-block-list\"><li><strong><em>T\u00e9l\u00a0<\/em><\/strong>: 0477\/680012<\/li><li><strong><em>Mail<\/em><\/strong>\u00a0: <a href=\"mailto:alamainverte@synet.be\">alamainverte@synet.be<\/a><\/li><\/ul>\n","protected":false},"excerpt":{"rendered":"<p>P\u00e9riode durant laquelle le projet devrait se d\u00e9rouler : du 01\/05\/2021 au 30\/04\/2024 Adresse&nbsp;de l\u2019organisme porteur du projet : Les Colais 30 \u00e0 6800 OURT (LIBRAMONT-CHEVIGNY) Nom de la personne &hellip; <\/p>\n<p class=\"link-more\"><a href=\"https:\/\/delagrainealassiette.be\/?page_id=154\" class=\"more-link\">Continuer la lecture<span class=\"screen-reader-text\"> de &laquo;&nbsp;Renseignements administratifs&nbsp;&raquo;<\/span><\/a><\/p>\n","protected":false},"author":1,"featured_media":0,"parent":11,"menu_order":0,"comment_status":"closed","ping_status":"closed","template":"","meta":{"_crdt_document":"","_price":"","_stock":"","_tribe_ticket_header":"","_tribe_default_ticket_provider":"","_tribe_ticket_capacity":"0","_ticket_start_date":"","_ticket_end_date":"","_tribe_ticket_show_description":"","_tribe_ticket_show_not_going":false,"_tribe_ticket_use_global_stock":"","_tribe_ticket_global_stock_level":"","_global_stock_mode":"","_global_stock_cap":"","_tribe_rsvp_for_event":"","_tribe_ticket_going_count":"","_tribe_ticket_not_going_count":"","_tribe_tickets_list":"[]","_tribe_ticket_has_attendee_info_fields":false,"footnotes":"","_tec_slr_enabled":"","_tec_slr_layout":""},"class_list":["post-154","page","type-page","status-publish","hentry"],"jetpack_sharing_enabled":true,"ticketed":false,"_links":{"self":[{"href":"https:\/\/delagrainealassiette.be\/index.php?rest_route=\/wp\/v2\/pages\/154","targetHints":{"allow":["GET"]}}],"collection":[{"href":"https:\/\/delagrainealassiette.be\/index.php?rest_route=\/wp\/v2\/pages"}],"about":[{"href":"https:\/\/delagrainealassiette.be\/index.php?rest_route=\/wp\/v2\/types\/page"}],"author":[{"embeddable":true,"href":"https:\/\/delagrainealassiette.be\/index.php?rest_route=\/wp\/v2\/users\/1"}],"replies":[{"embeddable":true,"href":"https:\/\/delagrainealassiette.be\/index.php?rest_route=%2Fwp%2Fv2%2Fcomments&post=154"}],"version-history":[{"count":2,"href":"https:\/\/delagrainealassiette.be\/index.php?rest_route=\/wp\/v2\/pages\/154\/revisions"}],"predecessor-version":[{"id":164,"href":"https:\/\/delagrainealassiette.be\/index.php?rest_route=\/wp\/v2\/pages\/154\/revisions\/164"}],"up":[{"embeddable":true,"href":"https:\/\/delagrainealassiette.be\/index.php?rest_route=\/wp\/v2\/pages\/11"}],"wp:attachment":[{"href":"https:\/\/delagrainealassiette.be\/index.php?rest_route=%2Fwp%2Fv2%2Fmedia&parent=154"}],"curies":[{"name":"wp","href":"https:\/\/api.w.org\/{rel}","templated":true}]}}