{"id":156,"date":"2022-03-13T15:24:39","date_gmt":"2022-03-13T14:24:39","guid":{"rendered":"http:\/\/delagrainealassiette.be\/?page_id=156"},"modified":"2022-03-13T16:04:11","modified_gmt":"2022-03-13T15:04:11","slug":"budget-previsionnel-detaille-reprenant-les-recettes-et-les-depenses-relatives-au-projet","status":"publish","type":"page","link":"https:\/\/delagrainealassiette.be\/?page_id=156","title":{"rendered":"Budget pr\u00e9visionnel d\u00e9taill\u00e9 reprenant les recettes et les d\u00e9penses relatives au projet"},"content":{"rendered":"\n<figure class=\"wp-block-table\"><table><tbody><tr><td><strong>D\u00e9penses<\/strong><\/td><td>Montant HTVA<\/td><td>Montant TVAC<\/td><td><strong>Recettes<\/strong><\/td><td>Montant<\/td><\/tr><tr><td><strong>1. Frais de personnel<\/strong><\/td><td>&nbsp;<\/td><td><strong>149.740,01<\/strong><\/td><td>&nbsp;<\/td><td>&nbsp;<\/td><\/tr><tr><td>Permaculture<\/td><td>&nbsp;<\/td><td><strong>29526.10<\/strong><\/td><td>Subsides<\/td><td>300.000<\/td><\/tr><tr><td>1.2.&nbsp; Exp\u00e9rimentation<\/td><td>&nbsp;<\/td><td><strong>29526.10<\/strong><\/td><td>&nbsp;<\/td><td>&nbsp;<\/td><\/tr><tr><td>Logistique\/Administration &nbsp;<\/td><td>&nbsp;<\/td><td><strong>30.229,27<\/strong><\/td><td>Sponsoring<\/td><td>0<\/td><\/tr><tr><td>1.4.&nbsp; Transformation<\/td><td>&nbsp;<\/td><td><strong>30.229,27<\/strong><\/td><td>Repas<\/td><td>63.000<\/td><\/tr><tr><td>1.5. Formation transversale<\/td><td>\ufeff<\/td><td>&nbsp;<strong>30.229,27<\/strong><\/td><td>Frais d\u2019inscription et participation<\/td><td>67.000<\/td><\/tr><tr><td><strong>2. Frais de fonctionnement<\/strong><\/td><td>&nbsp;<\/td><td><strong>127.799<\/strong><\/td><td>Recettes propres<\/td><td>72.000<\/td><\/tr><tr><td>Voir d\u00e9tails dans le document excel \u201cD\u00e9penses-Recettes Appel \u00e0 Projet.xlsx\u201d annex\u00e9. &nbsp;<\/td><td>&nbsp;<\/td><td>75.750<\/td><td>Autres recettes Voir d\u00e9tails dans le document excel \u201cD\u00e9penses-Recettes Appel \u00e0 Projet.xlsx\u201d annex\u00e9.<\/td><td>&nbsp;52.300<\/td><\/tr><tr><td>&nbsp;<\/td><td>&nbsp;<\/td><td><\/td><td><strong><u>TOTAL<\/u><\/strong><\/td><td><strong>555.300<\/strong><\/td><\/tr><tr><td><strong>3. Frais g\u00e9n\u00e9raux<\/strong><\/td><td>&nbsp;<\/td><td><strong>22.461<\/strong> &nbsp;<\/td><td>&nbsp;<\/td><\/tr><tr><td>Voir d\u00e9tails dans le document excel \u201cD\u00e9penses-Recettes Appel \u00e0 Projet.xlsx\u201d annex\u00e9. &nbsp;<\/td><td>&nbsp;<\/td><td>&nbsp;<\/td><\/tr><tr><td><strong><u>TOTAL<\/u><\/strong><\/td><td><\/td><td>300.000<\/td><\/tr><\/tbody><\/table><\/figure>\n","protected":false},"excerpt":{"rendered":"<p>D\u00e9penses Montant HTVA Montant TVAC Recettes Montant 1. Frais de personnel &nbsp; 149.740,01 &nbsp; &nbsp; Permaculture &nbsp; 29526.10 Subsides 300.000 1.2.&nbsp; Exp\u00e9rimentation &nbsp; 29526.10 &nbsp; &nbsp; Logistique\/Administration &nbsp; &nbsp; 30.229,27 &hellip; <\/p>\n<p class=\"link-more\"><a href=\"https:\/\/delagrainealassiette.be\/?page_id=156\" class=\"more-link\">Continuer la lecture<span class=\"screen-reader-text\"> de &laquo;&nbsp;Budget pr\u00e9visionnel d\u00e9taill\u00e9 reprenant les recettes et les d\u00e9penses relatives au projet&nbsp;&raquo;<\/span><\/a><\/p>\n","protected":false},"author":1,"featured_media":0,"parent":11,"menu_order":1,"comment_status":"closed","ping_status":"closed","template":"","meta":{"_crdt_document":"","_price":"","_stock":"","_tribe_ticket_header":"","_tribe_default_ticket_provider":"","_tribe_ticket_capacity":"0","_ticket_start_date":"","_ticket_end_date":"","_tribe_ticket_show_description":"","_tribe_ticket_show_not_going":false,"_tribe_ticket_use_global_stock":"","_tribe_ticket_global_stock_level":"","_global_stock_mode":"","_global_stock_cap":"","_tribe_rsvp_for_event":"","_tribe_ticket_going_count":"","_tribe_ticket_not_going_count":"","_tribe_tickets_list":"[]","_tribe_ticket_has_attendee_info_fields":false,"footnotes":"","_tec_slr_enabled":"","_tec_slr_layout":""},"class_list":["post-156","page","type-page","status-publish","hentry"],"jetpack_sharing_enabled":true,"ticketed":false,"_links":{"self":[{"href":"https:\/\/delagrainealassiette.be\/index.php?rest_route=\/wp\/v2\/pages\/156","targetHints":{"allow":["GET"]}}],"collection":[{"href":"https:\/\/delagrainealassiette.be\/index.php?rest_route=\/wp\/v2\/pages"}],"about":[{"href":"https:\/\/delagrainealassiette.be\/index.php?rest_route=\/wp\/v2\/types\/page"}],"author":[{"embeddable":true,"href":"https:\/\/delagrainealassiette.be\/index.php?rest_route=\/wp\/v2\/users\/1"}],"replies":[{"embeddable":true,"href":"https:\/\/delagrainealassiette.be\/index.php?rest_route=%2Fwp%2Fv2%2Fcomments&post=156"}],"version-history":[{"count":1,"href":"https:\/\/delagrainealassiette.be\/index.php?rest_route=\/wp\/v2\/pages\/156\/revisions"}],"predecessor-version":[{"id":159,"href":"https:\/\/delagrainealassiette.be\/index.php?rest_route=\/wp\/v2\/pages\/156\/revisions\/159"}],"up":[{"embeddable":true,"href":"https:\/\/delagrainealassiette.be\/index.php?rest_route=\/wp\/v2\/pages\/11"}],"wp:attachment":[{"href":"https:\/\/delagrainealassiette.be\/index.php?rest_route=%2Fwp%2Fv2%2Fmedia&parent=156"}],"curies":[{"name":"wp","href":"https:\/\/api.w.org\/{rel}","templated":true}]}}