{"id":170,"date":"2022-03-13T15:42:37","date_gmt":"2022-03-13T14:42:37","guid":{"rendered":"http:\/\/delagrainealassiette.be\/?page_id=170"},"modified":"2022-03-13T15:42:37","modified_gmt":"2022-03-13T14:42:37","slug":"en-quoi-le-projet-presente-t-il-une-approche-basee-conjointement-sur-le-renforcement-de-loffre-alimentaire-locale-et-durable-et-sur-la-stimulation-de-la-demande","status":"publish","type":"page","link":"https:\/\/delagrainealassiette.be\/?page_id=170","title":{"rendered":"En quoi le projet pr\u00e9sente-t-il une approche bas\u00e9e conjointement sur le renforcement de l\u2019offre alimentaire locale et durable, et sur la stimulation de la demande ?"},"content":{"rendered":"\n<p class=\"wp-block-paragraph\">La mise \u00e0 disposition (Commons) des r\u00e9sultats permet \u00e0 d\u2019autres de r\u00e9aliser de nouvelles fili\u00e8res <strong>r\u00e9silientes<\/strong> (sociale, \u00e9cologique, environnementale, \u00e9conomique) <strong>transposables<\/strong> \u00e0 toute la Wallonie. L\u2019association de toutes les \u00e9tapes \u201cDe la graine \u00e0 l\u2019assiette\u201d permet non seulement d\u2019exp\u00e9rimenter ces \u00e9tapes mais de les rendre p\u00e9rennes, efficaces et ainsi d\u2019am\u00e9liorer la souverainet\u00e9 alimentaire de notre r\u00e9gion.<\/p>\n\n\n\n<p class=\"wp-block-paragraph\">L\u2019ensemble de la cha\u00eene alimentaire est ainsi am\u00e9lior\u00e9e en apportant d\u2019autres paradigmes et le financement, par cet appel \u00e0 projet, permet de r\u00e9aliser ces exp\u00e9rimentations pour l\u2019ensemble de la communaut\u00e9. Chaque \u00e9l\u00e9ment de la cha\u00eene fait l\u2019objet d\u2019une analyse et d\u2019une mod\u00e9lisation accessible et labellis\u00e9e afin de rentabiliser\u00a0 l\u2019aide apport\u00e9e par le subside demand\u00e9 (retour sur investissement).<\/p>\n\n\n\n<p class=\"wp-block-paragraph\">Les acteurs impliqu\u00e9s restent \u00e0 dimension humaine afin de garder la souplesse et la rapidit\u00e9 de r\u00e9action d\u2019une structure AGILE en vue d\u2019optimiser l\u2019effort public et de rentabiliser celui-ci au mieux. Plusieurs partenaires wallons forment une \u00e9quipe dans le but de cr\u00e9er un mod\u00e8le alimentaire qui sera bien entendu p\u00e9renne, reproductible \u00e0 plus large \u00e9chelle.<\/p>\n","protected":false},"excerpt":{"rendered":"<p>La mise \u00e0 disposition (Commons) des r\u00e9sultats permet \u00e0 d\u2019autres de r\u00e9aliser de nouvelles fili\u00e8res r\u00e9silientes (sociale, \u00e9cologique, environnementale, \u00e9conomique) transposables \u00e0 toute la Wallonie. L\u2019association de toutes les \u00e9tapes &hellip; <\/p>\n<p class=\"link-more\"><a href=\"https:\/\/delagrainealassiette.be\/?page_id=170\" class=\"more-link\">Continuer la lecture<span class=\"screen-reader-text\"> de &laquo;&nbsp;En quoi le projet pr\u00e9sente-t-il une approche bas\u00e9e conjointement sur le renforcement de l\u2019offre alimentaire locale et durable, et sur la stimulation de la demande ?&nbsp;&raquo;<\/span><\/a><\/p>\n","protected":false},"author":1,"featured_media":0,"parent":11,"menu_order":3,"comment_status":"closed","ping_status":"closed","template":"","meta":{"_crdt_document":"","_price":"","_stock":"","_tribe_ticket_header":"","_tribe_default_ticket_provider":"","_tribe_ticket_capacity":"0","_ticket_start_date":"","_ticket_end_date":"","_tribe_ticket_show_description":"","_tribe_ticket_show_not_going":false,"_tribe_ticket_use_global_stock":"","_tribe_ticket_global_stock_level":"","_global_stock_mode":"","_global_stock_cap":"","_tribe_rsvp_for_event":"","_tribe_ticket_going_count":"","_tribe_ticket_not_going_count":"","_tribe_tickets_list":"[]","_tribe_ticket_has_attendee_info_fields":false,"footnotes":"","_tec_slr_enabled":"","_tec_slr_layout":""},"class_list":["post-170","page","type-page","status-publish","hentry"],"jetpack_sharing_enabled":true,"ticketed":false,"_links":{"self":[{"href":"https:\/\/delagrainealassiette.be\/index.php?rest_route=\/wp\/v2\/pages\/170","targetHints":{"allow":["GET"]}}],"collection":[{"href":"https:\/\/delagrainealassiette.be\/index.php?rest_route=\/wp\/v2\/pages"}],"about":[{"href":"https:\/\/delagrainealassiette.be\/index.php?rest_route=\/wp\/v2\/types\/page"}],"author":[{"embeddable":true,"href":"https:\/\/delagrainealassiette.be\/index.php?rest_route=\/wp\/v2\/users\/1"}],"replies":[{"embeddable":true,"href":"https:\/\/delagrainealassiette.be\/index.php?rest_route=%2Fwp%2Fv2%2Fcomments&post=170"}],"version-history":[{"count":1,"href":"https:\/\/delagrainealassiette.be\/index.php?rest_route=\/wp\/v2\/pages\/170\/revisions"}],"predecessor-version":[{"id":171,"href":"https:\/\/delagrainealassiette.be\/index.php?rest_route=\/wp\/v2\/pages\/170\/revisions\/171"}],"up":[{"embeddable":true,"href":"https:\/\/delagrainealassiette.be\/index.php?rest_route=\/wp\/v2\/pages\/11"}],"wp:attachment":[{"href":"https:\/\/delagrainealassiette.be\/index.php?rest_route=%2Fwp%2Fv2%2Fmedia&parent=170"}],"curies":[{"name":"wp","href":"https:\/\/api.w.org\/{rel}","templated":true}]}}