{"id":172,"date":"2022-03-13T15:44:48","date_gmt":"2022-03-13T14:44:48","guid":{"rendered":"http:\/\/delagrainealassiette.be\/?page_id=172"},"modified":"2022-03-13T15:44:48","modified_gmt":"2022-03-13T14:44:48","slug":"quels-moyens-le-projet-mettra-t-il-en-place-pour-sa-perennisation-viabilite-a-moyen-et-long-terme","status":"publish","type":"page","link":"https:\/\/delagrainealassiette.be\/?page_id=172","title":{"rendered":"Quels moyens le projet mettra-t-il en place pour sa p\u00e9rennisation\/viabilit\u00e9 \u00e0 moyen et long terme ?"},"content":{"rendered":"\n<p class=\"wp-block-paragraph\">La viabilit\u00e9 du projet, son d\u00e9veloppement et sa p\u00e9rennisation passe immanquablement par une<strong> mise en commun des r\u00e9seaux<\/strong> :<\/p>\n\n\n\n<p class=\"wp-block-paragraph\">\u2022&nbsp;&nbsp;&nbsp;&nbsp;&nbsp;&nbsp;&nbsp;&nbsp;&nbsp; r\u00e9seaux de production, de distribution et\/ou de transformation ;<\/p>\n\n\n\n<p class=\"wp-block-paragraph\">\u2022&nbsp;&nbsp;&nbsp;&nbsp;&nbsp;&nbsp;&nbsp;&nbsp;&nbsp; r\u00e9seaux des intervenants dans les formations ;<\/p>\n\n\n\n<p class=\"wp-block-paragraph\">\u2022&nbsp;&nbsp;&nbsp;&nbsp;&nbsp;&nbsp;&nbsp;&nbsp;&nbsp; r\u00e9seaux des participants qui auront \u00e9t\u00e9 conscientis\u00e9s lors des formations \u00e0 l\u2019importance que rev\u00eat une alimentation saine, \u00e9nerg\u00e9tique, vivante et une int\u00e9gration respectueuse des actions pos\u00e9es dans la nature, pour le bien de tous et de l\u2019environnement.<\/p>\n\n\n\n<p class=\"wp-block-paragraph\">En reliant ainsi ses divers partenaires, le projet au travers d\u2019une structure horizontale et transversale(par des r\u00e9unions de mise en commun, de partages d\u2019exp\u00e9riences, de dialogue, etc.), assure des \u00e9changes g\u00e9n\u00e9rant des <strong>avantages et b\u00e9n\u00e9fices collectifs<\/strong> dont le r\u00e9sultat global est bien sup\u00e9rieur \u00e0 la somme des possibilit\u00e9s individuelles.<\/p>\n\n\n\n<p class=\"wp-block-paragraph\">Le projet, en incluant dans une d\u00e9marche novatrice, celui \u201cde la graine \u00e0 l\u2019assiette\u201d, les transformateurs et les distributeurs, permet d\u2019offrir aux consommateurs toujours plus nombreux, une gamme plus large de produits divers et d\u2019\u00e9v\u00e9nements (distribution, ateliers, restauration, \u2026).<\/p>\n\n\n\n<p class=\"wp-block-paragraph\"><strong>L\u2019exp\u00e9rimentation<\/strong> sur les sites de <strong>permaculture <\/strong>et de <strong>jardin-for\u00eat<\/strong> et la<strong> transmission des connaissances<\/strong> qui leur sont li\u00e9es doivent aboutir \u00e0 des <strong>mod\u00e8les r\u00e9silients, expansifs et p\u00e9rennes<\/strong>, qui peuvent-\u00eatre <strong>exploit\u00e9s et r\u00e9pliqu\u00e9s<\/strong> en Wallonie par tout un chacun.<\/p>\n\n\n\n<p class=\"wp-block-paragraph\">Par exemple, le jardin-for\u00eat, dans l\u2019esprit de la permaculture, fera l\u2019objet d\u2019un travail de collecte qui ne se terminera \u00e9videmment pas \u00e0 l\u2019issue de cet appel \u00e0 projet. En effet, les informations glan\u00e9es durant la phase 1 et phase 2 seront rendues disponibles (<strong>Commons<\/strong>) \u00e0 tous et feront l\u2019objet d\u2019informations en continu (via les m\u00e9dias sociaux). La construction de mod\u00e8les permettra la cr\u00e9ation de cycles de formations (mara\u00eechers et sylvaniers) assurant la diffusion large des faits constat\u00e9s et la cr\u00e9ation de fili\u00e8res <strong>labellis\u00e9es<\/strong> (en termes de production, de transformation et de logistique).<\/p>\n","protected":false},"excerpt":{"rendered":"<p>La viabilit\u00e9 du projet, son d\u00e9veloppement et sa p\u00e9rennisation passe immanquablement par une mise en commun des r\u00e9seaux : \u2022&nbsp;&nbsp;&nbsp;&nbsp;&nbsp;&nbsp;&nbsp;&nbsp;&nbsp; r\u00e9seaux de production, de distribution et\/ou de transformation ; \u2022&nbsp;&nbsp;&nbsp;&nbsp;&nbsp;&nbsp;&nbsp;&nbsp;&nbsp; &hellip; <\/p>\n<p class=\"link-more\"><a href=\"https:\/\/delagrainealassiette.be\/?page_id=172\" class=\"more-link\">Continuer la lecture<span class=\"screen-reader-text\"> de &laquo;&nbsp;Quels moyens le projet mettra-t-il en place pour sa p\u00e9rennisation\/viabilit\u00e9 \u00e0 moyen et long terme ?&nbsp;&raquo;<\/span><\/a><\/p>\n","protected":false},"author":1,"featured_media":0,"parent":11,"menu_order":4,"comment_status":"closed","ping_status":"closed","template":"","meta":{"_crdt_document":"","_price":"","_stock":"","_tribe_ticket_header":"","_tribe_default_ticket_provider":"","_tribe_ticket_capacity":"0","_ticket_start_date":"","_ticket_end_date":"","_tribe_ticket_show_description":"","_tribe_ticket_show_not_going":false,"_tribe_ticket_use_global_stock":"","_tribe_ticket_global_stock_level":"","_global_stock_mode":"","_global_stock_cap":"","_tribe_rsvp_for_event":"","_tribe_ticket_going_count":"","_tribe_ticket_not_going_count":"","_tribe_tickets_list":"[]","_tribe_ticket_has_attendee_info_fields":false,"footnotes":"","_tec_slr_enabled":"","_tec_slr_layout":""},"class_list":["post-172","page","type-page","status-publish","hentry"],"jetpack_sharing_enabled":true,"ticketed":false,"_links":{"self":[{"href":"https:\/\/delagrainealassiette.be\/index.php?rest_route=\/wp\/v2\/pages\/172","targetHints":{"allow":["GET"]}}],"collection":[{"href":"https:\/\/delagrainealassiette.be\/index.php?rest_route=\/wp\/v2\/pages"}],"about":[{"href":"https:\/\/delagrainealassiette.be\/index.php?rest_route=\/wp\/v2\/types\/page"}],"author":[{"embeddable":true,"href":"https:\/\/delagrainealassiette.be\/index.php?rest_route=\/wp\/v2\/users\/1"}],"replies":[{"embeddable":true,"href":"https:\/\/delagrainealassiette.be\/index.php?rest_route=%2Fwp%2Fv2%2Fcomments&post=172"}],"version-history":[{"count":1,"href":"https:\/\/delagrainealassiette.be\/index.php?rest_route=\/wp\/v2\/pages\/172\/revisions"}],"predecessor-version":[{"id":173,"href":"https:\/\/delagrainealassiette.be\/index.php?rest_route=\/wp\/v2\/pages\/172\/revisions\/173"}],"up":[{"embeddable":true,"href":"https:\/\/delagrainealassiette.be\/index.php?rest_route=\/wp\/v2\/pages\/11"}],"wp:attachment":[{"href":"https:\/\/delagrainealassiette.be\/index.php?rest_route=%2Fwp%2Fv2%2Fmedia&parent=172"}],"curies":[{"name":"wp","href":"https:\/\/api.w.org\/{rel}","templated":true}]}}