{"id":174,"date":"2022-03-13T15:46:23","date_gmt":"2022-03-13T14:46:23","guid":{"rendered":"http:\/\/delagrainealassiette.be\/?page_id=174"},"modified":"2022-03-13T15:46:23","modified_gmt":"2022-03-13T14:46:23","slug":"dans-quel-territoire-geographique-le-projet-est-il-ancre-combien-dhabitants-sont-ils-potentiellement-concernes","status":"publish","type":"page","link":"https:\/\/delagrainealassiette.be\/?page_id=174","title":{"rendered":"Dans quel territoire g\u00e9ographique le projet est-il ancr\u00e9 ?  Combien d\u2019habitants sont-ils potentiellement concern\u00e9s ?"},"content":{"rendered":"\n<p class=\"wp-block-paragraph\">Le projet vise \u00e0 cr\u00e9er un mod\u00e8le dynamique exploitable dans toutes les r\u00e9gions de la Wallonie prenant en compte les sols, les temp\u00e9ratures, le profil socio-\u00e9conomique, la dynamique sociale,&#8230; . M\u00eame si le projet d\u00e9marre sur notre territoire (Ardenne &#8211; Province de Luxembourg soit 284\u202f638 habitants au 1er janvier 2019), les diff\u00e9rentes variables (spatio-temporelles, socio-\u00e9conomiques\u2026.) pourront \u00eatre adapt\u00e9es ou ajust\u00e9es aux diff\u00e9rents climats de la Wallonie et aux diff\u00e9rents profils socio-\u00e9conomiques.<\/p>\n","protected":false},"excerpt":{"rendered":"<p>Le projet vise \u00e0 cr\u00e9er un mod\u00e8le dynamique exploitable dans toutes les r\u00e9gions de la Wallonie prenant en compte les sols, les temp\u00e9ratures, le profil socio-\u00e9conomique, la dynamique sociale,&#8230; . &hellip; <\/p>\n<p class=\"link-more\"><a href=\"https:\/\/delagrainealassiette.be\/?page_id=174\" class=\"more-link\">Continuer la lecture<span class=\"screen-reader-text\"> de &laquo;&nbsp;Dans quel territoire g\u00e9ographique le projet est-il ancr\u00e9 ?  Combien d\u2019habitants sont-ils potentiellement concern\u00e9s ?&nbsp;&raquo;<\/span><\/a><\/p>\n","protected":false},"author":1,"featured_media":0,"parent":11,"menu_order":5,"comment_status":"closed","ping_status":"closed","template":"","meta":{"_crdt_document":"","_price":"","_stock":"","_tribe_ticket_header":"","_tribe_default_ticket_provider":"","_tribe_ticket_capacity":"0","_ticket_start_date":"","_ticket_end_date":"","_tribe_ticket_show_description":"","_tribe_ticket_show_not_going":false,"_tribe_ticket_use_global_stock":"","_tribe_ticket_global_stock_level":"","_global_stock_mode":"","_global_stock_cap":"","_tribe_rsvp_for_event":"","_tribe_ticket_going_count":"","_tribe_ticket_not_going_count":"","_tribe_tickets_list":"[]","_tribe_ticket_has_attendee_info_fields":false,"footnotes":"","_tec_slr_enabled":"","_tec_slr_layout":""},"class_list":["post-174","page","type-page","status-publish","hentry"],"jetpack_sharing_enabled":true,"ticketed":false,"_links":{"self":[{"href":"https:\/\/delagrainealassiette.be\/index.php?rest_route=\/wp\/v2\/pages\/174","targetHints":{"allow":["GET"]}}],"collection":[{"href":"https:\/\/delagrainealassiette.be\/index.php?rest_route=\/wp\/v2\/pages"}],"about":[{"href":"https:\/\/delagrainealassiette.be\/index.php?rest_route=\/wp\/v2\/types\/page"}],"author":[{"embeddable":true,"href":"https:\/\/delagrainealassiette.be\/index.php?rest_route=\/wp\/v2\/users\/1"}],"replies":[{"embeddable":true,"href":"https:\/\/delagrainealassiette.be\/index.php?rest_route=%2Fwp%2Fv2%2Fcomments&post=174"}],"version-history":[{"count":1,"href":"https:\/\/delagrainealassiette.be\/index.php?rest_route=\/wp\/v2\/pages\/174\/revisions"}],"predecessor-version":[{"id":175,"href":"https:\/\/delagrainealassiette.be\/index.php?rest_route=\/wp\/v2\/pages\/174\/revisions\/175"}],"up":[{"embeddable":true,"href":"https:\/\/delagrainealassiette.be\/index.php?rest_route=\/wp\/v2\/pages\/11"}],"wp:attachment":[{"href":"https:\/\/delagrainealassiette.be\/index.php?rest_route=%2Fwp%2Fv2%2Fmedia&parent=174"}],"curies":[{"name":"wp","href":"https:\/\/api.w.org\/{rel}","templated":true}]}}