{"id":184,"date":"2022-03-13T15:52:49","date_gmt":"2022-03-13T14:52:49","guid":{"rendered":"http:\/\/delagrainealassiette.be\/?page_id=184"},"modified":"2022-03-13T15:52:49","modified_gmt":"2022-03-13T14:52:49","slug":"en-quoi-le-projet-contribue-t-il-a-la-relocalisation-du-systeme-alimentaire-wallon","status":"publish","type":"page","link":"https:\/\/delagrainealassiette.be\/?page_id=184","title":{"rendered":"En quoi le projet contribue-t-il \u00e0 la relocalisation du syst\u00e8me alimentaire wallon ?"},"content":{"rendered":"\n<ul class=\"wp-block-list\"><li>il permet \u00e0 la population de s\u2019alimenter avec des produits sains, locaux, pr\u00e9par\u00e9s par nos traiteurs partenaires.<\/li><li>il permet aux touristes de d\u00e9couvrir des plats \u00e0 base de produits r\u00e9gionaux.<\/li><li>Il promeut le mod\u00e8le de pratiques de production alimentaire saine et durable aupr\u00e8s des stagiaires (entre autre en mara\u00eechage bio \u00e0 l\u2019IFAPME de Libramont : partenariat depuis la cr\u00e9ation de la section).<\/li><li>il sensibilise la population \u00e0 l\u2019autonomie alimentaire (cr\u00e9er son potager, apprendre \u00e0 cuisiner sainement, se familiariser aux plantes comestibles sauvages,&#8230;).<\/li><li>Il utilise pour ses ateliers et formations des produits bio et\/ou locaux, achet\u00e9s dans des \u00e9piceries locales ou directement chez le producteur, favorisant ainsi le circuit court.<\/li><li>Il recherche et informe de mani\u00e8re exhaustive les citoyens de tout le potentiel&nbsp; de ressources alimentaires locales.<\/li><li>Il r\u00e9unit des partenaires, qu&rsquo;ils soient intervenants, loueurs de salles, producteurs locaux ou revendeurs bio, tous soucieux du bien-\u00eatre et de l&rsquo;environnement.<\/li><li>Il cr\u00e9e des liens entre les divers partenaires, en vue d\u2019\u00e9changes g\u00e9n\u00e9rant des avantages et b\u00e9n\u00e9fices collectifs.<\/li><li>Il favorise la vision Open Source.<\/li><li>Par son approche de mod\u00e9lisation exp\u00e9rimentale sur des plantations adapt\u00e9es au climat temp\u00e9r\u00e9 de la Haute Ardenne, le projet apporte de nouvelles perspectives en terme desouverainet\u00e9 alimentaire de type circuit court.<\/li><\/ul>\n","protected":false},"excerpt":{"rendered":"<p>il permet \u00e0 la population de s\u2019alimenter avec des produits sains, locaux, pr\u00e9par\u00e9s par nos traiteurs partenaires. il permet aux touristes de d\u00e9couvrir des plats \u00e0 base de produits r\u00e9gionaux. &hellip; <\/p>\n<p class=\"link-more\"><a href=\"https:\/\/delagrainealassiette.be\/?page_id=184\" class=\"more-link\">Continuer la lecture<span class=\"screen-reader-text\"> de &laquo;&nbsp;En quoi le projet contribue-t-il \u00e0 la relocalisation du syst\u00e8me alimentaire wallon ?&nbsp;&raquo;<\/span><\/a><\/p>\n","protected":false},"author":1,"featured_media":0,"parent":11,"menu_order":10,"comment_status":"closed","ping_status":"closed","template":"","meta":{"_crdt_document":"","_price":"","_stock":"","_tribe_ticket_header":"","_tribe_default_ticket_provider":"","_tribe_ticket_capacity":"0","_ticket_start_date":"","_ticket_end_date":"","_tribe_ticket_show_description":"","_tribe_ticket_show_not_going":false,"_tribe_ticket_use_global_stock":"","_tribe_ticket_global_stock_level":"","_global_stock_mode":"","_global_stock_cap":"","_tribe_rsvp_for_event":"","_tribe_ticket_going_count":"","_tribe_ticket_not_going_count":"","_tribe_tickets_list":"[]","_tribe_ticket_has_attendee_info_fields":false,"footnotes":"","_tec_slr_enabled":"","_tec_slr_layout":""},"class_list":["post-184","page","type-page","status-publish","hentry"],"jetpack_sharing_enabled":true,"ticketed":false,"_links":{"self":[{"href":"https:\/\/delagrainealassiette.be\/index.php?rest_route=\/wp\/v2\/pages\/184","targetHints":{"allow":["GET"]}}],"collection":[{"href":"https:\/\/delagrainealassiette.be\/index.php?rest_route=\/wp\/v2\/pages"}],"about":[{"href":"https:\/\/delagrainealassiette.be\/index.php?rest_route=\/wp\/v2\/types\/page"}],"author":[{"embeddable":true,"href":"https:\/\/delagrainealassiette.be\/index.php?rest_route=\/wp\/v2\/users\/1"}],"replies":[{"embeddable":true,"href":"https:\/\/delagrainealassiette.be\/index.php?rest_route=%2Fwp%2Fv2%2Fcomments&post=184"}],"version-history":[{"count":1,"href":"https:\/\/delagrainealassiette.be\/index.php?rest_route=\/wp\/v2\/pages\/184\/revisions"}],"predecessor-version":[{"id":185,"href":"https:\/\/delagrainealassiette.be\/index.php?rest_route=\/wp\/v2\/pages\/184\/revisions\/185"}],"up":[{"embeddable":true,"href":"https:\/\/delagrainealassiette.be\/index.php?rest_route=\/wp\/v2\/pages\/11"}],"wp:attachment":[{"href":"https:\/\/delagrainealassiette.be\/index.php?rest_route=%2Fwp%2Fv2%2Fmedia&parent=184"}],"curies":[{"name":"wp","href":"https:\/\/api.w.org\/{rel}","templated":true}]}}