{"id":250,"date":"2022-03-13T17:21:53","date_gmt":"2022-03-13T16:21:53","guid":{"rendered":"http:\/\/delagrainealassiette.be\/?page_id=250"},"modified":"2022-03-15T14:03:47","modified_gmt":"2022-03-15T13:03:47","slug":"presentation-de-a-la-main-verte","status":"publish","type":"page","link":"https:\/\/delagrainealassiette.be\/?page_id=250","title":{"rendered":"Pr\u00e9sentation de A LA MAIN VERTE"},"content":{"rendered":"\n<p class=\"wp-block-paragraph\">Pour mieux faire connaissance, nous allons vous pr\u00e9senter un de nos 5 partenaires chaque vendredi \u00e0 venir&#8230;<\/p>\n\n\n\n<p class=\"wp-block-paragraph\">Pr\u00eat<img loading=\"lazy\" decoding=\"async\" alt=\"\u2753\" src=\"https:\/\/static.xx.fbcdn.net\/images\/emoji.php\/v9\/t4c\/1\/16\/2753.png\" width=\"16\" height=\"16\"> C&rsquo;est parti<img loading=\"lazy\" decoding=\"async\" alt=\"\u2757\" src=\"https:\/\/static.xx.fbcdn.net\/images\/emoji.php\/v9\/t50\/1\/16\/2757.png\" width=\"16\" height=\"16\"><\/p>\n\n\n\n<p class=\"wp-block-paragraph\"><img loading=\"lazy\" decoding=\"async\" alt=\"\ud83d\udc49\" src=\"https:\/\/static.xx.fbcdn.net\/images\/emoji.php\/v9\/t51\/1\/16\/1f449.png\" width=\"16\" height=\"16\"> Nous commen\u00e7ons cette semaine par Christine et Philippe. D\u00e9j\u00e0 bien connus dans la r\u00e9gion, ils ont lanc\u00e9 leur projet de permaculture il y a maintenant plus de 10 ans. <img loading=\"lazy\" decoding=\"async\" alt=\"\ud83e\udd86\" src=\"https:\/\/static.xx.fbcdn.net\/images\/emoji.php\/v9\/t8f\/1\/16\/1f986.png\" width=\"16\" height=\"16\"><img loading=\"lazy\" decoding=\"async\" alt=\"\ud83e\udd66\" src=\"https:\/\/static.xx.fbcdn.net\/images\/emoji.php\/v9\/t51\/1\/16\/1f966.png\" width=\"16\" height=\"16\"><img loading=\"lazy\" decoding=\"async\" alt=\"\ud83e\udd6c\" src=\"https:\/\/static.xx.fbcdn.net\/images\/emoji.php\/v9\/tfe\/1\/16\/1f96c.png\" width=\"16\" height=\"16\"><img loading=\"lazy\" decoding=\"async\" alt=\"\ud83e\udd52\" src=\"https:\/\/static.xx.fbcdn.net\/images\/emoji.php\/v9\/tae\/1\/16\/1f952.png\" width=\"16\" height=\"16\"><img loading=\"lazy\" decoding=\"async\" alt=\"\ud83c\udf31\" src=\"https:\/\/static.xx.fbcdn.net\/images\/emoji.php\/v9\/t69\/1\/16\/1f331.png\" width=\"16\" height=\"16\"><img loading=\"lazy\" decoding=\"async\" alt=\"\ud83d\udc1d\" src=\"https:\/\/static.xx.fbcdn.net\/images\/emoji.php\/v9\/t1f\/1\/16\/1f41d.png\" width=\"16\" height=\"16\"><\/p>\n\n\n\n<p class=\"wp-block-paragraph\">Ils fourmillent d&rsquo;id\u00e9es et diversifient leurs activit\u00e9s au fil du temps. V\u00e9ritables moteurs du projet&#8230; ils n&rsquo;arr\u00eatent jamais!<\/p>\n\n\n\n<p class=\"wp-block-paragraph\"><img loading=\"lazy\" decoding=\"async\" alt=\"\ud83d\udca1\" src=\"https:\/\/static.xx.fbcdn.net\/images\/emoji.php\/v9\/t3c\/1\/16\/1f4a1.png\" width=\"16\" height=\"16\"> N&rsquo;h\u00e9sitez pas \u00e0 leur poser vos questions!<\/p>\n\n\n\n<figure class=\"wp-block-image size-full\"><img loading=\"lazy\" decoding=\"async\" width=\"894\" height=\"502\" src=\"http:\/\/delagrainealassiette.be\/wp-content\/uploads\/2022\/03\/A-LA-MAIN-VERTE.png\" alt=\"\" class=\"wp-image-251\" srcset=\"https:\/\/delagrainealassiette.be\/wp-content\/uploads\/2022\/03\/A-LA-MAIN-VERTE.png 894w, https:\/\/delagrainealassiette.be\/wp-content\/uploads\/2022\/03\/A-LA-MAIN-VERTE-300x168.png 300w, https:\/\/delagrainealassiette.be\/wp-content\/uploads\/2022\/03\/A-LA-MAIN-VERTE-768x431.png 768w\" sizes=\"auto, (max-width: 767px) 89vw, (max-width: 1000px) 54vw, (max-width: 1071px) 543px, 580px\" \/><\/figure>\n","protected":false},"excerpt":{"rendered":"<p>Pour mieux faire connaissance, nous allons vous pr\u00e9senter un de nos 5 partenaires chaque vendredi \u00e0 venir&#8230; Pr\u00eat C&rsquo;est parti Nous commen\u00e7ons cette semaine par Christine et Philippe. D\u00e9j\u00e0 bien &hellip; <\/p>\n<p class=\"link-more\"><a href=\"https:\/\/delagrainealassiette.be\/?page_id=250\" class=\"more-link\">Continuer la lecture<span class=\"screen-reader-text\"> de &laquo;&nbsp;Pr\u00e9sentation de A LA MAIN VERTE&nbsp;&raquo;<\/span><\/a><\/p>\n","protected":false},"author":1,"featured_media":251,"parent":266,"menu_order":0,"comment_status":"closed","ping_status":"closed","template":"","meta":{"_crdt_document":"","_price":"","_stock":"","_tribe_ticket_header":"","_tribe_default_ticket_provider":"","_tribe_ticket_capacity":"0","_ticket_start_date":"","_ticket_end_date":"","_tribe_ticket_show_description":"","_tribe_ticket_show_not_going":false,"_tribe_ticket_use_global_stock":"","_tribe_ticket_global_stock_level":"","_global_stock_mode":"","_global_stock_cap":"","_tribe_rsvp_for_event":"","_tribe_ticket_going_count":"","_tribe_ticket_not_going_count":"","_tribe_tickets_list":"[]","_tribe_ticket_has_attendee_info_fields":false,"footnotes":"","_tec_slr_enabled":"","_tec_slr_layout":""},"class_list":["post-250","page","type-page","status-publish","has-post-thumbnail","hentry"],"jetpack_sharing_enabled":true,"ticketed":false,"_links":{"self":[{"href":"https:\/\/delagrainealassiette.be\/index.php?rest_route=\/wp\/v2\/pages\/250","targetHints":{"allow":["GET"]}}],"collection":[{"href":"https:\/\/delagrainealassiette.be\/index.php?rest_route=\/wp\/v2\/pages"}],"about":[{"href":"https:\/\/delagrainealassiette.be\/index.php?rest_route=\/wp\/v2\/types\/page"}],"author":[{"embeddable":true,"href":"https:\/\/delagrainealassiette.be\/index.php?rest_route=\/wp\/v2\/users\/1"}],"replies":[{"embeddable":true,"href":"https:\/\/delagrainealassiette.be\/index.php?rest_route=%2Fwp%2Fv2%2Fcomments&post=250"}],"version-history":[{"count":1,"href":"https:\/\/delagrainealassiette.be\/index.php?rest_route=\/wp\/v2\/pages\/250\/revisions"}],"predecessor-version":[{"id":252,"href":"https:\/\/delagrainealassiette.be\/index.php?rest_route=\/wp\/v2\/pages\/250\/revisions\/252"}],"up":[{"embeddable":true,"href":"https:\/\/delagrainealassiette.be\/index.php?rest_route=\/wp\/v2\/pages\/266"}],"wp:featuredmedia":[{"embeddable":true,"href":"https:\/\/delagrainealassiette.be\/index.php?rest_route=\/wp\/v2\/media\/251"}],"wp:attachment":[{"href":"https:\/\/delagrainealassiette.be\/index.php?rest_route=%2Fwp%2Fv2%2Fmedia&parent=250"}],"curies":[{"name":"wp","href":"https:\/\/api.w.org\/{rel}","templated":true}]}}