{"id":300,"date":"2022-03-13T18:28:27","date_gmt":"2022-03-13T17:28:27","guid":{"rendered":"http:\/\/delagrainealassiette.be\/?page_id=300"},"modified":"2022-08-05T19:07:47","modified_gmt":"2022-08-05T17:07:47","slug":"formations","status":"publish","type":"page","link":"https:\/\/delagrainealassiette.be\/?page_id=300","title":{"rendered":"Formations"},"content":{"rendered":"\n<p class=\"wp-block-paragraph\">Le projet \u00ab\u00a0De la graine \u00e0 l&rsquo;Assiette\u00a0\u00bb dispense des formations tout au long de l&rsquo;ann\u00e9e.<\/p>\n\n\n\n<p class=\"wp-block-paragraph\">Le menu \u00e9v\u00e8nement permet de conna\u00eetre les dates des formations propos\u00e9es.<\/p>\n\n\n\n<p class=\"wp-block-paragraph\"><\/p>\n","protected":false},"excerpt":{"rendered":"<p>Le projet \u00ab\u00a0De la graine \u00e0 l&rsquo;Assiette\u00a0\u00bb dispense des formations tout au long de l&rsquo;ann\u00e9e. Le menu \u00e9v\u00e8nement permet de conna\u00eetre les dates des formations propos\u00e9es.<\/p>\n","protected":false},"author":1,"featured_media":254,"parent":0,"menu_order":0,"comment_status":"closed","ping_status":"closed","template":"","meta":{"_crdt_document":"","_price":"","_stock":"","_tribe_ticket_header":"","_tribe_default_ticket_provider":"","_tribe_ticket_capacity":"0","_ticket_start_date":"","_ticket_end_date":"","_tribe_ticket_show_description":"","_tribe_ticket_show_not_going":false,"_tribe_ticket_use_global_stock":"","_tribe_ticket_global_stock_level":"","_global_stock_mode":"","_global_stock_cap":"","_tribe_rsvp_for_event":"","_tribe_ticket_going_count":"","_tribe_ticket_not_going_count":"","_tribe_tickets_list":"[]","_tribe_ticket_has_attendee_info_fields":false,"footnotes":"","_tec_slr_enabled":"","_tec_slr_layout":""},"class_list":["post-300","page","type-page","status-publish","has-post-thumbnail","hentry"],"jetpack_sharing_enabled":true,"ticketed":false,"_links":{"self":[{"href":"https:\/\/delagrainealassiette.be\/index.php?rest_route=\/wp\/v2\/pages\/300","targetHints":{"allow":["GET"]}}],"collection":[{"href":"https:\/\/delagrainealassiette.be\/index.php?rest_route=\/wp\/v2\/pages"}],"about":[{"href":"https:\/\/delagrainealassiette.be\/index.php?rest_route=\/wp\/v2\/types\/page"}],"author":[{"embeddable":true,"href":"https:\/\/delagrainealassiette.be\/index.php?rest_route=\/wp\/v2\/users\/1"}],"replies":[{"embeddable":true,"href":"https:\/\/delagrainealassiette.be\/index.php?rest_route=%2Fwp%2Fv2%2Fcomments&post=300"}],"version-history":[{"count":2,"href":"https:\/\/delagrainealassiette.be\/index.php?rest_route=\/wp\/v2\/pages\/300\/revisions"}],"predecessor-version":[{"id":465,"href":"https:\/\/delagrainealassiette.be\/index.php?rest_route=\/wp\/v2\/pages\/300\/revisions\/465"}],"wp:featuredmedia":[{"embeddable":true,"href":"https:\/\/delagrainealassiette.be\/index.php?rest_route=\/wp\/v2\/media\/254"}],"wp:attachment":[{"href":"https:\/\/delagrainealassiette.be\/index.php?rest_route=%2Fwp%2Fv2%2Fmedia&parent=300"}],"curies":[{"name":"wp","href":"https:\/\/api.w.org\/{rel}","templated":true}]}}