{"id":347,"date":"2022-03-15T14:09:25","date_gmt":"2022-03-15T13:09:25","guid":{"rendered":"http:\/\/delagrainealassiette.be\/?page_id=347"},"modified":"2022-03-15T14:09:25","modified_gmt":"2022-03-15T13:09:25","slug":"presentation-de-toscana-in-bocca","status":"publish","type":"page","link":"https:\/\/delagrainealassiette.be\/?page_id=347","title":{"rendered":"Pr\u00e9sentation de Toscana in Bocca"},"content":{"rendered":"\n<p class=\"wp-block-paragraph\">\u00c0 propos<\/p>\n\n\n\n<p class=\"wp-block-paragraph\">Service traiteur pour toute occasion<\/p>\n\n\n\n<p class=\"wp-block-paragraph\">Cuisine italienne et fran\u00e7ais<\/p>\n\n\n\n<p class=\"wp-block-paragraph\">Vente amboulant de p\u00e2tes fra\u00eeche maison plat pr\u00e9pare et \u00e9picerie fine<\/p>\n\n\n\n<p class=\"wp-block-paragraph\">Informations suppl\u00e9mentaires<\/p>\n\n\n\n<p class=\"wp-block-paragraph\">Organisation de tous types de reception.<\/p>\n\n\n\n<p class=\"wp-block-paragraph\">P\u00e2tes fraiches maison<\/p>\n\n\n\n<p class=\"wp-block-paragraph\">Veritable cuisine italienne<\/p>\n\n\n\n<p class=\"wp-block-paragraph\">cuisine fran\u00e7aise<\/p>\n\n\n\n<p class=\"wp-block-paragraph\">DEVIS GRATUIT<\/p>\n","protected":false},"excerpt":{"rendered":"<p>\u00c0 propos Service traiteur pour toute occasion Cuisine italienne et fran\u00e7ais Vente amboulant de p\u00e2tes fra\u00eeche maison plat pr\u00e9pare et \u00e9picerie fine Informations suppl\u00e9mentaires Organisation de tous types de reception. &hellip; <\/p>\n<p class=\"link-more\"><a href=\"https:\/\/delagrainealassiette.be\/?page_id=347\" class=\"more-link\">Continuer la lecture<span class=\"screen-reader-text\"> de &laquo;&nbsp;Pr\u00e9sentation de Toscana in Bocca&nbsp;&raquo;<\/span><\/a><\/p>\n","protected":false},"author":1,"featured_media":260,"parent":266,"menu_order":0,"comment_status":"closed","ping_status":"closed","template":"","meta":{"_crdt_document":"","_price":"","_stock":"","_tribe_ticket_header":"","_tribe_default_ticket_provider":"","_tribe_ticket_capacity":"0","_ticket_start_date":"","_ticket_end_date":"","_tribe_ticket_show_description":"","_tribe_ticket_show_not_going":false,"_tribe_ticket_use_global_stock":"","_tribe_ticket_global_stock_level":"","_global_stock_mode":"","_global_stock_cap":"","_tribe_rsvp_for_event":"","_tribe_ticket_going_count":"","_tribe_ticket_not_going_count":"","_tribe_tickets_list":"[]","_tribe_ticket_has_attendee_info_fields":false,"footnotes":"","_tec_slr_enabled":"","_tec_slr_layout":""},"class_list":["post-347","page","type-page","status-publish","has-post-thumbnail","hentry"],"jetpack_sharing_enabled":true,"ticketed":false,"_links":{"self":[{"href":"https:\/\/delagrainealassiette.be\/index.php?rest_route=\/wp\/v2\/pages\/347","targetHints":{"allow":["GET"]}}],"collection":[{"href":"https:\/\/delagrainealassiette.be\/index.php?rest_route=\/wp\/v2\/pages"}],"about":[{"href":"https:\/\/delagrainealassiette.be\/index.php?rest_route=\/wp\/v2\/types\/page"}],"author":[{"embeddable":true,"href":"https:\/\/delagrainealassiette.be\/index.php?rest_route=\/wp\/v2\/users\/1"}],"replies":[{"embeddable":true,"href":"https:\/\/delagrainealassiette.be\/index.php?rest_route=%2Fwp%2Fv2%2Fcomments&post=347"}],"version-history":[{"count":1,"href":"https:\/\/delagrainealassiette.be\/index.php?rest_route=\/wp\/v2\/pages\/347\/revisions"}],"predecessor-version":[{"id":348,"href":"https:\/\/delagrainealassiette.be\/index.php?rest_route=\/wp\/v2\/pages\/347\/revisions\/348"}],"up":[{"embeddable":true,"href":"https:\/\/delagrainealassiette.be\/index.php?rest_route=\/wp\/v2\/pages\/266"}],"wp:featuredmedia":[{"embeddable":true,"href":"https:\/\/delagrainealassiette.be\/index.php?rest_route=\/wp\/v2\/media\/260"}],"wp:attachment":[{"href":"https:\/\/delagrainealassiette.be\/index.php?rest_route=%2Fwp%2Fv2%2Fmedia&parent=347"}],"curies":[{"name":"wp","href":"https:\/\/api.w.org\/{rel}","templated":true}]}}