{"id":432,"date":"2022-07-27T11:41:15","date_gmt":"2022-07-27T09:41:15","guid":{"rendered":"http:\/\/delagrainealassiette.be\/?page_id=432"},"modified":"2022-07-27T11:48:09","modified_gmt":"2022-07-27T09:48:09","slug":"devenir-benevole","status":"publish","type":"page","link":"https:\/\/delagrainealassiette.be\/?page_id=432","title":{"rendered":"Devenir b\u00e9n\u00e9vole"},"content":{"rendered":"\n<p class=\"wp-block-paragraph\">Vous \u00eates convaincu(e) par notre travail et vous souhaitez nous soutenir en offrant un peu de votre temps ? <\/p>\n\n\n\n<p class=\"wp-block-paragraph\">Diverses possibilit\u00e9s s\u2019offrent \u00e0 vous. Vous pouvez vous inscrire comme b\u00e9n\u00e9vole et nous aider \u00e0 r\u00e9aliser notre projet.<\/p>\n\n\n\n<p class=\"wp-block-paragraph\">Vous pouvez envoyer le <a href=\"http:\/\/delagrainealassiette.be\/wp-content\/uploads\/2022\/07\/Fiche-benevole.pdf\">formulaire <\/a>compl\u00e9t\u00e9 \u00e0 l\u2019adresse <a href=\"mailto:info@delagrainealassiette.be\">info@delagrainealassiette.be<\/a><\/p>\n\n\n\n<p class=\"wp-block-paragraph\">Les partenaires de La Graine \u00e0 l\u2019Assiette vous remercient chaleureusement pour votre engagement \u00e0 les soutenir dans leurs actions actuelles et \u00e0 venir.<\/p>\n","protected":false},"excerpt":{"rendered":"<p>Vous \u00eates convaincu(e) par notre travail et vous souhaitez nous soutenir en offrant un peu de votre temps ? Diverses possibilit\u00e9s s\u2019offrent \u00e0 vous. Vous pouvez vous inscrire comme b\u00e9n\u00e9vole &hellip; <\/p>\n<p class=\"link-more\"><a href=\"https:\/\/delagrainealassiette.be\/?page_id=432\" class=\"more-link\">Continuer la lecture<span class=\"screen-reader-text\"> de &laquo;&nbsp;Devenir b\u00e9n\u00e9vole&nbsp;&raquo;<\/span><\/a><\/p>\n","protected":false},"author":1,"featured_media":83,"parent":0,"menu_order":0,"comment_status":"closed","ping_status":"closed","template":"","meta":{"_crdt_document":"","_price":"","_stock":"","_tribe_ticket_header":"","_tribe_default_ticket_provider":"","_tribe_ticket_capacity":"0","_ticket_start_date":"","_ticket_end_date":"","_tribe_ticket_show_description":"","_tribe_ticket_show_not_going":false,"_tribe_ticket_use_global_stock":"","_tribe_ticket_global_stock_level":"","_global_stock_mode":"","_global_stock_cap":"","_tribe_rsvp_for_event":"","_tribe_ticket_going_count":"","_tribe_ticket_not_going_count":"","_tribe_tickets_list":"[]","_tribe_ticket_has_attendee_info_fields":false,"footnotes":"","_tec_slr_enabled":"","_tec_slr_layout":""},"class_list":["post-432","page","type-page","status-publish","has-post-thumbnail","hentry"],"jetpack_sharing_enabled":true,"ticketed":false,"_links":{"self":[{"href":"https:\/\/delagrainealassiette.be\/index.php?rest_route=\/wp\/v2\/pages\/432","targetHints":{"allow":["GET"]}}],"collection":[{"href":"https:\/\/delagrainealassiette.be\/index.php?rest_route=\/wp\/v2\/pages"}],"about":[{"href":"https:\/\/delagrainealassiette.be\/index.php?rest_route=\/wp\/v2\/types\/page"}],"author":[{"embeddable":true,"href":"https:\/\/delagrainealassiette.be\/index.php?rest_route=\/wp\/v2\/users\/1"}],"replies":[{"embeddable":true,"href":"https:\/\/delagrainealassiette.be\/index.php?rest_route=%2Fwp%2Fv2%2Fcomments&post=432"}],"version-history":[{"count":2,"href":"https:\/\/delagrainealassiette.be\/index.php?rest_route=\/wp\/v2\/pages\/432\/revisions"}],"predecessor-version":[{"id":436,"href":"https:\/\/delagrainealassiette.be\/index.php?rest_route=\/wp\/v2\/pages\/432\/revisions\/436"}],"wp:featuredmedia":[{"embeddable":true,"href":"https:\/\/delagrainealassiette.be\/index.php?rest_route=\/wp\/v2\/media\/83"}],"wp:attachment":[{"href":"https:\/\/delagrainealassiette.be\/index.php?rest_route=%2Fwp%2Fv2%2Fmedia&parent=432"}],"curies":[{"name":"wp","href":"https:\/\/api.w.org\/{rel}","templated":true}]}}