{"id":437,"date":"2022-07-27T11:51:03","date_gmt":"2022-07-27T09:51:03","guid":{"rendered":"http:\/\/delagrainealassiette.be\/?page_id=437"},"modified":"2022-07-27T12:06:47","modified_gmt":"2022-07-27T10:06:47","slug":"on-parle-de-nous","status":"publish","type":"page","link":"https:\/\/delagrainealassiette.be\/?page_id=437","title":{"rendered":"On parle de nous"},"content":{"rendered":"\n<div class=\"wp-block-query is-layout-flow wp-block-query-is-layout-flow\"><\/div>\n\n\n\n<div data-wp-interactive=\"core\/file\" class=\"wp-block-file\"><object data-wp-bind--hidden=\"!state.hasPdfPreview\" hidden class=\"wp-block-file__embed\" data=\"http:\/\/delagrainealassiette.be\/wp-content\/uploads\/2022\/07\/Libreinfo-CPAS-Atelier.pdf\" type=\"application\/pdf\" style=\"width:100%;height:600px\" aria-label=\"Contenu embarqu\u00e9 Contenu embarqu\u00e9 Libreinfo CPAS Atelier..\"><\/object><a id=\"wp-block-file--media-d0f7cbb0-2b11-454a-a621-8acf48a83c04\" href=\"http:\/\/delagrainealassiette.be\/wp-content\/uploads\/2022\/07\/Libreinfo-CPAS-Atelier.pdf\">Libreinfo CPAS Atelier<\/a><a href=\"http:\/\/delagrainealassiette.be\/wp-content\/uploads\/2022\/07\/Libreinfo-CPAS-Atelier.pdf\" class=\"wp-block-file__button wp-element-button\" download aria-describedby=\"wp-block-file--media-d0f7cbb0-2b11-454a-a621-8acf48a83c04\">T\u00e9l\u00e9charger<\/a><\/div>\n\n\n\n<div data-wp-interactive=\"core\/file\" class=\"wp-block-file\"><object data-wp-bind--hidden=\"!state.hasPdfPreview\" hidden class=\"wp-block-file__embed\" data=\"http:\/\/delagrainealassiette.be\/wp-content\/uploads\/2022\/07\/20210824_L-Avenir-Local-Luxembourg_p-7_De-la-graine-a-lassiette-espere-durer-dans-le-temps.pdf\" type=\"application\/pdf\" style=\"width:100%;height:600px\" aria-label=\"Contenu embarqu\u00e9 Contenu embarqu\u00e9 20210824_L-Avenir-Local-Luxembourg_p-7_De-la-graine-a-lassiette-espere-durer-dans-le-temps..\"><\/object><a id=\"wp-block-file--media-af0152b8-1d6f-4d57-a934-549aad259dc8\" href=\"http:\/\/delagrainealassiette.be\/wp-content\/uploads\/2022\/07\/20210824_L-Avenir-Local-Luxembourg_p-7_De-la-graine-a-lassiette-espere-durer-dans-le-temps.pdf\">20210824_L-Avenir-Local-Luxembourg_p-7_De-la-graine-a-lassiette-espere-durer-dans-le-temps<\/a><a href=\"http:\/\/delagrainealassiette.be\/wp-content\/uploads\/2022\/07\/20210824_L-Avenir-Local-Luxembourg_p-7_De-la-graine-a-lassiette-espere-durer-dans-le-temps.pdf\" class=\"wp-block-file__button wp-element-button\" download aria-describedby=\"wp-block-file--media-af0152b8-1d6f-4d57-a934-549aad259dc8\">T\u00e9l\u00e9charger<\/a><\/div>\n\n\n\n<div data-wp-interactive=\"core\/file\" class=\"wp-block-file\"><object data-wp-bind--hidden=\"!state.hasPdfPreview\" hidden class=\"wp-block-file__embed\" data=\"http:\/\/delagrainealassiette.be\/wp-content\/uploads\/2022\/07\/35-paniers-cadeaux-pour-les-familles-defavorisees.pdf\" type=\"application\/pdf\" style=\"width:100%;height:600px\" aria-label=\"Contenu embarqu\u00e9 Contenu embarqu\u00e9 35 paniers-cadeaux pour les familles d\u00e9favoris\u00e9es..\"><\/object><a id=\"wp-block-file--media-a81c1aee-75a3-4f67-89bb-ef546891c026\" href=\"http:\/\/delagrainealassiette.be\/wp-content\/uploads\/2022\/07\/35-paniers-cadeaux-pour-les-familles-defavorisees.pdf\">35 paniers-cadeaux pour les familles d\u00e9favoris\u00e9es<\/a><a href=\"http:\/\/delagrainealassiette.be\/wp-content\/uploads\/2022\/07\/35-paniers-cadeaux-pour-les-familles-defavorisees.pdf\" class=\"wp-block-file__button wp-element-button\" download aria-describedby=\"wp-block-file--media-a81c1aee-75a3-4f67-89bb-ef546891c026\">T\u00e9l\u00e9charger<\/a><\/div>\n\n\n\n<div data-wp-interactive=\"core\/file\" class=\"wp-block-file\"><object data-wp-bind--hidden=\"!state.hasPdfPreview\" hidden class=\"wp-block-file__embed\" data=\"http:\/\/delagrainealassiette.be\/wp-content\/uploads\/2022\/07\/De-la-graine-a-lassiette.pdf\" type=\"application\/pdf\" style=\"width:100%;height:600px\" aria-label=\"Contenu embarqu\u00e9 Contenu embarqu\u00e9 De-la-graine-a-lassiette..\"><\/object><a id=\"wp-block-file--media-c489caa3-740d-4fca-9b4a-70a83e3e817f\" href=\"http:\/\/delagrainealassiette.be\/wp-content\/uploads\/2022\/07\/De-la-graine-a-lassiette.pdf\">De-la-graine-a-lassiette<\/a><a href=\"http:\/\/delagrainealassiette.be\/wp-content\/uploads\/2022\/07\/De-la-graine-a-lassiette.pdf\" class=\"wp-block-file__button wp-element-button\" download aria-describedby=\"wp-block-file--media-c489caa3-740d-4fca-9b4a-70a83e3e817f\">T\u00e9l\u00e9charger<\/a><\/div>\n","protected":false},"excerpt":{"rendered":"","protected":false},"author":1,"featured_media":0,"parent":0,"menu_order":0,"comment_status":"closed","ping_status":"closed","template":"","meta":{"_crdt_document":"","_price":"","_stock":"","_tribe_ticket_header":"","_tribe_default_ticket_provider":"","_tribe_ticket_capacity":"0","_ticket_start_date":"","_ticket_end_date":"","_tribe_ticket_show_description":"","_tribe_ticket_show_not_going":false,"_tribe_ticket_use_global_stock":"","_tribe_ticket_global_stock_level":"","_global_stock_mode":"","_global_stock_cap":"","_tribe_rsvp_for_event":"","_tribe_ticket_going_count":"","_tribe_ticket_not_going_count":"","_tribe_tickets_list":"[]","_tribe_ticket_has_attendee_info_fields":false,"footnotes":"","_tec_slr_enabled":"","_tec_slr_layout":""},"class_list":["post-437","page","type-page","status-publish","hentry"],"jetpack_sharing_enabled":true,"ticketed":false,"_links":{"self":[{"href":"https:\/\/delagrainealassiette.be\/index.php?rest_route=\/wp\/v2\/pages\/437","targetHints":{"allow":["GET"]}}],"collection":[{"href":"https:\/\/delagrainealassiette.be\/index.php?rest_route=\/wp\/v2\/pages"}],"about":[{"href":"https:\/\/delagrainealassiette.be\/index.php?rest_route=\/wp\/v2\/types\/page"}],"author":[{"embeddable":true,"href":"https:\/\/delagrainealassiette.be\/index.php?rest_route=\/wp\/v2\/users\/1"}],"replies":[{"embeddable":true,"href":"https:\/\/delagrainealassiette.be\/index.php?rest_route=%2Fwp%2Fv2%2Fcomments&post=437"}],"version-history":[{"count":2,"href":"https:\/\/delagrainealassiette.be\/index.php?rest_route=\/wp\/v2\/pages\/437\/revisions"}],"predecessor-version":[{"id":446,"href":"https:\/\/delagrainealassiette.be\/index.php?rest_route=\/wp\/v2\/pages\/437\/revisions\/446"}],"wp:attachment":[{"href":"https:\/\/delagrainealassiette.be\/index.php?rest_route=%2Fwp%2Fv2%2Fmedia&parent=437"}],"curies":[{"name":"wp","href":"https:\/\/api.w.org\/{rel}","templated":true}]}}