{"id":511,"date":"2022-09-12T12:57:20","date_gmt":"2022-09-12T10:57:20","guid":{"rendered":"http:\/\/delagrainealassiette.be\/?page_id=511"},"modified":"2023-06-21T16:12:39","modified_gmt":"2023-06-21T14:12:39","slug":"experimentations-et-modelisations","status":"publish","type":"page","link":"https:\/\/delagrainealassiette.be\/?page_id=511","title":{"rendered":"Exp\u00e9rimentations et mod\u00e9lisations"},"content":{"rendered":"\n<p class=\"wp-block-paragraph\">L&rsquo;objectif du projet de la Graine \u00e0  l&rsquo;Assiette est port\u00e9 principalement pas les exp\u00e9rimentations et les mod\u00e9lisations facilitant le soutient \u00e0 la relocalisation de l&rsquo;alimentation en Wallonie.<\/p>\n\n\n\n<p class=\"wp-block-paragraph\">En effet, la situation actuelle des producteurs, des transformateurs favorisant une alimentation saine en circuits courts nous am\u00e8ne \u00e0 essayer de formaliser, mod\u00e9liser et imaginer des pratiques et des parcours techniques partag\u00e9s et co-construits avec les acteurs de terrain.<\/p>\n\n\n\n<p class=\"wp-block-paragraph\">A cette fin, les partenaires du projet \u00ab\u00a0De la graine \u00e0 l&rsquo;Assiette\u00a0\u00bb effectuent des exp\u00e9rimentations au sein de leurs activit\u00e9s respectives. Par des pratiques novatrices qui ne seraient pas possibles sans l&rsquo;aide des apports de la R\u00e9gion, nous essayons de capitaliser les exp\u00e9riences en les mutualisant et en les publiant \u00e0 destination d&rsquo;autres porteurs de projets.<\/p>\n\n\n\n<p class=\"wp-block-paragraph\">La communaut\u00e9 est ainsi nourrie de nos tentatives de trouver des am\u00e9liorations et chaque partenaire publie les hypoth\u00e8ses, les contenus et les conclusions de ses exp\u00e9rimentations respectivement sur leurs sites. <\/p>\n\n\n\n<p class=\"wp-block-paragraph\"><a rel=\"noreferrer noopener\" href=\"http:\/\/www.alamainverte.be\/\" target=\"_blank\">A La Main Verte<\/a><\/p>\n\n\n\n<p class=\"wp-block-paragraph\"><a href=\"https:\/\/predon.be\" data-type=\"URL\" data-id=\"https:\/\/predon.be\" target=\"_blank\" rel=\"noreferrer noopener\">Le Pr\u00e9 Don<\/a><\/p>\n\n\n\n<p class=\"wp-block-paragraph\">Une synth\u00e8se des recherches, hypoth\u00e8ses et exp\u00e9rimentations sera disponible sur le site \u00ab\u00a0De la Graine \u00e0 l&rsquo;Assiette\u00a0\u00bb ainsi que les conclusions.<\/p>\n\n\n\n<p class=\"wp-block-paragraph\">Des m\u00e9dias et des formations sont et seront donn\u00e9es par les partenaires.<\/p>\n","protected":false},"excerpt":{"rendered":"<p>L&rsquo;objectif du projet de la Graine \u00e0 l&rsquo;Assiette est port\u00e9 principalement pas les exp\u00e9rimentations et les mod\u00e9lisations facilitant le soutient \u00e0 la relocalisation de l&rsquo;alimentation en Wallonie. En effet, la &hellip; <\/p>\n<p class=\"link-more\"><a href=\"https:\/\/delagrainealassiette.be\/?page_id=511\" class=\"more-link\">Continuer la lecture<span class=\"screen-reader-text\"> de &laquo;&nbsp;Exp\u00e9rimentations et mod\u00e9lisations&nbsp;&raquo;<\/span><\/a><\/p>\n","protected":false},"author":1,"featured_media":290,"parent":0,"menu_order":0,"comment_status":"closed","ping_status":"closed","template":"","meta":{"_crdt_document":"","_price":"","_stock":"","_tribe_ticket_header":"","_tribe_default_ticket_provider":"","_tribe_ticket_capacity":"0","_ticket_start_date":"","_ticket_end_date":"","_tribe_ticket_show_description":"","_tribe_ticket_show_not_going":false,"_tribe_ticket_use_global_stock":"","_tribe_ticket_global_stock_level":"","_global_stock_mode":"","_global_stock_cap":"","_tribe_rsvp_for_event":"","_tribe_ticket_going_count":"","_tribe_ticket_not_going_count":"","_tribe_tickets_list":"[]","_tribe_ticket_has_attendee_info_fields":false,"footnotes":"","_tec_slr_enabled":"","_tec_slr_layout":""},"class_list":["post-511","page","type-page","status-publish","has-post-thumbnail","hentry"],"jetpack_sharing_enabled":true,"ticketed":false,"_links":{"self":[{"href":"https:\/\/delagrainealassiette.be\/index.php?rest_route=\/wp\/v2\/pages\/511","targetHints":{"allow":["GET"]}}],"collection":[{"href":"https:\/\/delagrainealassiette.be\/index.php?rest_route=\/wp\/v2\/pages"}],"about":[{"href":"https:\/\/delagrainealassiette.be\/index.php?rest_route=\/wp\/v2\/types\/page"}],"author":[{"embeddable":true,"href":"https:\/\/delagrainealassiette.be\/index.php?rest_route=\/wp\/v2\/users\/1"}],"replies":[{"embeddable":true,"href":"https:\/\/delagrainealassiette.be\/index.php?rest_route=%2Fwp%2Fv2%2Fcomments&post=511"}],"version-history":[{"count":2,"href":"https:\/\/delagrainealassiette.be\/index.php?rest_route=\/wp\/v2\/pages\/511\/revisions"}],"predecessor-version":[{"id":749,"href":"https:\/\/delagrainealassiette.be\/index.php?rest_route=\/wp\/v2\/pages\/511\/revisions\/749"}],"wp:featuredmedia":[{"embeddable":true,"href":"https:\/\/delagrainealassiette.be\/index.php?rest_route=\/wp\/v2\/media\/290"}],"wp:attachment":[{"href":"https:\/\/delagrainealassiette.be\/index.php?rest_route=%2Fwp%2Fv2%2Fmedia&parent=511"}],"curies":[{"name":"wp","href":"https:\/\/api.w.org\/{rel}","templated":true}]}}